{"id":1328,"date":"2023-03-28T01:15:03","date_gmt":"2023-03-28T01:15:03","guid":{"rendered":"https:\/\/broadenup.fr\/?page_id=1328"},"modified":"2023-04-18T15:07:29","modified_gmt":"2023-04-18T15:07:29","slug":"mentions-legales","status":"publish","type":"page","link":"https:\/\/broadenup.fr\/fr\/mentions-legales\/","title":{"rendered":"Mentions l\u00e9gales"},"content":{"rendered":"\t\t<div data-elementor-type=\"wp-page\" data-elementor-id=\"1328\" class=\"elementor elementor-1328\">\n\t\t\t\t\t\t<div class=\"elementor-inner\">\n\t\t\t\t<div class=\"elementor-section-wrap\">\n\t\t\t\t\t\t\t\t\t<section class=\"elementor-section elementor-top-section elementor-element elementor-element-bf49f44 elementor-section-boxed elementor-section-height-default elementor-section-height-default\" data-id=\"bf49f44\" data-element_type=\"section\">\n\t\t\t\t\t\t<div class=\"elementor-container elementor-column-gap-default\">\n\t\t\t\t\t\t\t<div class=\"elementor-row\">\n\t\t\t\t\t<div class=\"elementor-column elementor-col-100 elementor-top-column elementor-element elementor-element-dffbdc7\" data-id=\"dffbdc7\" data-element_type=\"column\">\n\t\t\t<div class=\"elementor-column-wrap elementor-element-populated\">\n\t\t\t\t\t\t\t<div class=\"elementor-widget-wrap\">\n\t\t\t\t\t\t<div class=\"elementor-element elementor-element-ce14019 animated-slow elementor-invisible elementor-widget elementor-widget-heading\" data-id=\"ce14019\" data-element_type=\"widget\" data-settings=\"{&quot;_animation&quot;:&quot;fadeInDown&quot;}\" data-widget_type=\"heading.default\">\n\t\t\t\t<div class=\"elementor-widget-container\">\n\t\t\t<h2 class=\"elementor-heading-title elementor-size-default\">Mentions l\u00e9gales<\/h2>\t\t<\/div>\n\t\t\t\t<\/div>\n\t\t\t\t<div class=\"elementor-element elementor-element-eb79997 elementor-widget elementor-widget-text-editor\" data-id=\"eb79997\" data-element_type=\"widget\" data-widget_type=\"text-editor.default\">\n\t\t\t\t<div class=\"elementor-widget-container\">\n\t\t\t\t\t\t\t\t<div class=\"elementor-text-editor elementor-clearfix\">\n\t\t\t\t<p>Conform\u00e9ment aux dispositions de la loi n\u00b0 2004-575 du 21 juin 2004 pour la confiance en l&rsquo;\u00e9conomie num\u00e9rique, il est pr\u00e9cis\u00e9 aux utilisateurs du site BroadenUp l&rsquo;identit\u00e9 des diff\u00e9rents intervenants dans le cadre de sa r\u00e9alisation et de son suivi.<\/p><p><strong>Edition du site<\/strong><\/p><p>Le pr\u00e9sent site, accessible \u00e0 l\u2019URL www.broadenup.fr (le \u00ab Site \u00bb), est \u00e9dit\u00e9 par :<\/p><p>BROADENUP , soci\u00e9t\u00e9 au capital de 3000 euros, inscrite au R.C.S. de PARIS sous le num\u00e9ro Paris 948007950, dont le si\u00e8ge social est situ\u00e9 au 231 RUE SAINT HONORE, 75001 PARIS, repr\u00e9sent\u00e9(e) par Jean-Charles Castellano d\u00fbment habilit\u00e9(e)<\/p><p>Le num\u00e9ro individuel TVA de l\u2019\u00e9diteur est : FR61948007950.<\/p><p><strong>H\u00e9bergement<\/strong><\/p><p>Le Site est h\u00e9berg\u00e9 par la soci\u00e9t\u00e9 Hostinger International LTD, situ\u00e9 , (contact t\u00e9l\u00e9phonique ou email : https:\/\/www.hostinger.fr\/contact).<\/p><p><strong>Directeur de publication<\/strong><\/p><p>Le Directeur de la publication du Site est Jean-Charles Castellano .<\/p><p><strong>Nous contacter<\/strong><\/p><p>Par t\u00e9l\u00e9phone : +33672815066<br \/>Par email : jean-charles.castellano@broadenup.fr<br \/>Par courrier : 221 RUE SAINT HONORE, 75001 PARIS<\/p><p><strong>Donn\u00e9es personnelles<\/strong><\/p><p>Le traitement de vos donn\u00e9es \u00e0 caract\u00e8re personnel est r\u00e9gi par notre <a href=\"https:\/\/broadenup.fr\/index.php\/politique-de-confidentialite\/\">Politique de confidentialit\u00e9<\/a>, conform\u00e9ment au R\u00e8glement G\u00e9n\u00e9ral sur la Protection des Donn\u00e9es 2016\/679 du 27 avril 2016 (\u00abRGPD\u00bb).<\/p>\t\t\t\t\t<\/div>\n\t\t\t\t\t\t<\/div>\n\t\t\t\t<\/div>\n\t\t\t\t\t\t<\/div>\n\t\t\t\t\t<\/div>\n\t\t<\/div>\n\t\t\t\t\t\t\t\t<\/div>\n\t\t\t\t\t<\/div>\n\t\t<\/section>\n\t\t\t\t\t\t\t\t\t<\/div>\n\t\t\t<\/div>\n\t\t\t\t\t<\/div>\n\t\t","protected":false},"excerpt":{"rendered":"<p>Mentions l\u00e9gales Conform\u00e9ment aux dispositions de la loi n\u00b0 2004-575 du 21 juin 2004 pour la confiance en l&rsquo;\u00e9conomie num\u00e9rique, il est pr\u00e9cis\u00e9 aux utilisateurs du site BroadenUp l&rsquo;identit\u00e9 des diff\u00e9rents intervenants dans le cadre de sa r\u00e9alisation et de son suivi. Edition du site Le pr\u00e9sent site, accessible \u00e0 l\u2019URL www.broadenup.fr (le \u00ab Site [&hellip;]<\/p>\n","protected":false},"author":1,"featured_media":0,"parent":0,"menu_order":0,"comment_status":"closed","ping_status":"closed","template":"elementor_header_footer","meta":{"content-type":""},"acf":[],"_links":{"self":[{"href":"https:\/\/broadenup.fr\/fr\/wp-json\/wp\/v2\/pages\/1328"}],"collection":[{"href":"https:\/\/broadenup.fr\/fr\/wp-json\/wp\/v2\/pages"}],"about":[{"href":"https:\/\/broadenup.fr\/fr\/wp-json\/wp\/v2\/types\/page"}],"author":[{"embeddable":true,"href":"https:\/\/broadenup.fr\/fr\/wp-json\/wp\/v2\/users\/1"}],"replies":[{"embeddable":true,"href":"https:\/\/broadenup.fr\/fr\/wp-json\/wp\/v2\/comments?post=1328"}],"version-history":[{"count":20,"href":"https:\/\/broadenup.fr\/fr\/wp-json\/wp\/v2\/pages\/1328\/revisions"}],"predecessor-version":[{"id":1749,"href":"https:\/\/broadenup.fr\/fr\/wp-json\/wp\/v2\/pages\/1328\/revisions\/1749"}],"wp:attachment":[{"href":"https:\/\/broadenup.fr\/fr\/wp-json\/wp\/v2\/media?parent=1328"}],"curies":[{"name":"wp","href":"https:\/\/api.w.org\/{rel}","templated":true}]}}